{"id":27566,"date":"2024-09-14T14:34:42","date_gmt":"2024-09-14T14:34:42","guid":{"rendered":"https:\/\/ozcanoglusucuklari.com.tr\/?page_id=27566"},"modified":"2024-09-14T17:05:17","modified_gmt":"2024-09-14T17:05:17","slug":"mesafeli-satis-sozlesmesi","status":"publish","type":"page","link":"https:\/\/ozcanoglusucuklari.com.tr\/index.php\/mesafeli-satis-sozlesmesi\/","title":{"rendered":"Mesafeli Sat\u0131\u015f S\u00f6zle\u015fmesi"},"content":{"rendered":"<p>Mesafeli Sat\u0131\u015f S\u00f6zle\u015fmesi<\/p><p>MADDE&nbsp; \u2013 1 KONU<\/p><p>Bu s\u00f6zle\u015fmenin konusu, Sat\u0131c\u0131\u2019 n\u0131n Al\u0131c\u0131\u2019ya (T\u00fcketici \u2019ye) sat\u0131\u015f\u0131n\u0131 yapt\u0131\u011f\u0131, ilgili y\u00f6netmelik ve ilgili di\u011fer yasal h\u00fck\u00fcmler uyar\u0131nca taraflar\u0131n hak ve y\u00fck\u00fcml\u00fcl\u00fcklerinin belirlenmesidir.<\/p><p>MADDE&nbsp; \u2013 2 S\u00d6ZLE\u015eME\u2019N\u0130N KURULMASI<\/p><p>2.1&nbsp; Al\u0131c\u0131 s\u00f6zle\u015fme\u2019yi, anlad\u0131\u011f\u0131n\u0131, haklar\u0131n\u0131n ve y\u00fck\u00fcml\u00fcl\u00fcklerinin bilincinde oldu\u011funu kabul eder.<\/p><p>2.2&nbsp; Sat\u0131c\u0131 ve al\u0131c\u0131, s\u00f6zle\u015fme ile kararla\u015ft\u0131r\u0131lan edimler aras\u0131nda hi\u00e7bir orans\u0131zl\u0131k bulunmad\u0131\u011f\u0131n\u0131 ve kar\u015f\u0131l\u0131kl\u0131 edimlerin i\u015fin niteli\u011fine uygun oldu\u011funu, s\u00f6zle\u015fme konusuna giren i\u015flemler kapsam\u0131nda herhangi bir tecr\u00fcbesizliklerinin bulunmad\u0131\u011f\u0131n\u0131 kabul ederler.<\/p><p>2.3&nbsp; Al\u0131c\u0131, s\u00f6zle\u015fme kapsam\u0131nda yer alan i\u015flemlerin kendi menfaatine uygun oldu\u011fu konusunda tam bir kanaate vard\u0131\u011f\u0131n\u0131 ve t\u00fcm \u015fartlara kendi \u00f6zg\u00fcr iradesi ile, hi\u00e7bir g\u00fc\u00e7l\u00fck veya s\u0131k\u0131nt\u0131 i\u00e7inde olmadan, d\u00fc\u015f\u00fcnerek, isteyerek ve bilerek uyaca\u011f\u0131n\u0131 kabul eder.<\/p><p>2.4&nbsp; Sat\u0131c\u0131 ve al\u0131c\u0131, s\u00f6zle\u015fmenin h\u00fck\u00fcmlerinin haks\u0131z \u015fart say\u0131labilecek bir \u00f6zellik ta\u015f\u0131mad\u0131\u011f\u0131n\u0131, menfaatler dengesi bak\u0131m\u0131ndan bir haks\u0131zl\u0131k olmad\u0131\u011f\u0131n\u0131 kabul eder.<\/p><p>2.5&nbsp; \u0130\u015fbu s\u00f6zle\u015fme, ekleri ve ozcanoglusucuklari.com.tr \u00fczerinden yap\u0131lan i\u015flemler kapsam\u0131nda tedarik edilen bilgiler ve elektronik vas\u0131talarla onaylanan konular kampanyal\u0131 sat\u0131\u015flara ili\u015fkin uygulama usul ve esaslar\u0131 hakk\u0131nda y\u00f6netmelik\u2019in 6. maddesi\u2019nin gerekliliklerine kar\u015f\u0131l\u0131k gelmektedir.<\/p><p>2.6&nbsp; \u0130\u015fbu s\u00f6zle\u015fme h\u00fck\u00fcmleri t\u00fcketici s\u00f6zle\u015fmelerindeki haks\u0131z \u015fartlar hakk\u0131nda y\u00f6netmelik h\u00fck\u00fcmleri uyar\u0131nca herhangi bir haks\u0131z \u015fart i\u00e7ermemektedir. H\u00fck\u00fcmler d\u00fcr\u00fcstl\u00fck ve iyiniyet kural\u0131na ayk\u0131r\u0131l\u0131k te\u015fkil etmemekte olup t\u00fcketicinin korunmas\u0131 mevzuat\u0131na uygun olarak haz\u0131rlanm\u0131\u015ft\u0131r.<\/p><p>2.7&nbsp; \u0130\u015fbu s\u00f6zle\u015fme h\u00fck\u00fcmleri 6098 say\u0131l\u0131 yeni bor\u00e7lar kanunu h\u00fck\u00fcmleri de dikkate al\u0131narak haz\u0131rlanm\u0131\u015ft\u0131r. Yeni bor\u00e7lar kanunu\u2019nun 21. maddesinde \u00f6ng\u00f6r\u00fclen ba\u011flay\u0131c\u0131l\u0131k ve i\u00e7erik denetimi al\u0131c\u0131 taraf\u0131ndan yap\u0131lm\u0131\u015ft\u0131r. i\u015fbu s\u00f6zle\u015fme h\u00fck\u00fcmlerinden hi\u00e7biri i\u015fbu s\u00f6zle\u015fme\u2019nin niteli\u011fine ve i\u015fin \u00f6zelli\u011fine yabanc\u0131 (\u015fa\u015f\u0131rt\u0131c\u0131 \u015fartlar) nitelik ta\u015f\u0131maz. \u0130\u015fbu s\u00f6zle\u015fme h\u00fck\u00fcmleri a\u00e7\u0131k ve anla\u015f\u0131l\u0131r bir \u015fekilde yaz\u0131lm\u0131\u015f olup birden \u00e7ok anlam\u0131 ifade etmemektedir.<\/p><p>MADDE&nbsp; \u2013 3 SATICI B\u0130LG\u0130LER\u0130<\/p><p>Unvan: \u00d6zcano\u011flu Sucuklar\u0131<\/p><p>Adres: Dairecep Mah. Millibirlik Cad. No:26\/D, Afyonkarahisar, Turkey<\/p><p>Telefon: 0554 681 82 73<\/p><p>E posta: ozcanoglusucuklari@gmail.com<\/p><p>MADDE \u2013 4 \u0130ADE VE GARANT\u0130 KO\u015eULLARI<\/p><p>Kargoyu teslim al\u0131rken koli i\u00e7ini kontrol ediniz. \u00dcr\u00fcnlerde hasar veya eksik varsa kargo personelinden tutanak tutmas\u0131n\u0131 isteyiniz. Teslimi yap\u0131lm\u0131\u015f bir sipari\u015f i\u00e7in kargo personelinin t\u00fcm sorumlulu\u011funu yerine getirmi\u015f oldu\u011funu unutmay\u0131n\u0131z.&nbsp;<\/p><p>Teslim alm\u0131\u015f oldu\u011funuz sipari\u015fte yanl\u0131\u015f eksik veya kusurlu bir \u00fcr\u00fcn olmas\u0131 halinde de\u011fi\u015fim ve iade hakk\u0131n\u0131z\u0131 kullanabilirsiniz. Sipari\u015finiz ile ilgili memnuniyetsizli\u011finiz oldu\u011funda bize ozcanoglusucuklari@gmail.com e mail \u2018inden sipari\u015f numaran\u0131z\u0131 belirterek e mail atabilirsiniz veya online whatsapp hatt\u0131ndan ula\u015fabilirsiniz<\/p><p>Alm\u0131\u015f oldu\u011funuz \u00fcr\u00fcn\u00fc ambalaj\u0131n\u0131 a\u00e7madan, tahrip etmeden, \u00fcr\u00fcn\u00fc kullanmadan ve daha sonra tekrar sat\u0131\u015f\u0131na engel olmayacak \u015fekilde teslim tarihini ge\u00e7memesine dikkat ederek teslim ald\u0131\u011f\u0131n\u0131z \u015fekli ile iade edebilirsiniz. \u0130ade kargonuz firmam\u0131za teslim edilince sipari\u015f tutar\u0131n\u0131z hesab\u0131n\u0131za yat\u0131r\u0131lacakt\u0131r. \u00dcr\u00fcn iade i\u015flemlerinde kargo bedelinin iadesi yap\u0131lmaz. Sipari\u015f edilen \u00fcr\u00fcn hatas\u0131 m\u00fc\u015fteri kullan\u0131m\u0131ndan olu\u015fmu\u015fsa veya \u00fcr\u00fcn kullan\u0131lm\u0131\u015fsa \u00fcr\u00fcn\u00fcn iade ve de\u011fi\u015fimi yap\u0131lmaz<\/p><p>\u00dcr\u00fcn iadesi ve de\u011fi\u015ftirme \u015fartlar\u0131 olarak, 4077 say\u0131l\u0131 T\u00fcketicinin Korunmas\u0131 Hakk\u0131nda Kanun gere\u011fi uygulamalar esast\u0131r.<\/p><p>MADDE \u2013 5 TESL\u0130MAT B\u0130LG\u0130LER\u0130<\/p><p>Sipari\u015fleriniz, banka onay\u0131 al\u0131nd\u0131ktan sonra g\u00fcn i\u00e7erisinde i\u00e7erisin de kargoya teslim edilir. Teslimat adresinin \u0130stanbul\u2019a uzakl\u0131\u011f\u0131na g\u00f6re de kargo \u015firketi 1-3 g\u00fcn i\u00e7erisinde sipari\u015finizi size ula\u015ft\u0131racakt\u0131r.<\/p><p>Taraf\u0131m\u0131zdan kaynaklanan bir aksilik olmas\u0131 halinde ise size \u00fcyelik bilgilerinizden yola \u00e7\u0131k\u0131larak haber verilecektir. Bu y\u00fczden \u00fcyelik bilgilerinizin eksiksiz ve do\u011fru olmas\u0131 \u00f6nemlidir. Bayram ve tatil g\u00fcnlerinde teslimat yap\u0131lmamaktad\u0131r.<\/p><p>Sat\u0131n ald\u0131\u011f\u0131n\u0131z \u00fcr\u00fcnler bir teyit e-posta\u2019s\u0131 ile taraf\u0131n\u0131za bildirilecektir. Se\u00e7ti\u011finiz \u00fcr\u00fcnlerden herhangi birinin stokta mevcut olmamas\u0131 durumunda konu ile ilgili bir e-posta size yollanacak ve \u00fcr\u00fcn\u00fcn ilk stoklara girece\u011fi tarih taraf\u0131n\u0131za bildirilecektir.<\/p>","protected":false},"excerpt":{"rendered":"<p>Mesafeli Sat\u0131\u015f S\u00f6zle\u015fmesi MADDE&nbsp; \u2013 1 KONU Bu s\u00f6zle\u015fmenin konusu, Sat\u0131c\u0131\u2019 n\u0131n Al\u0131c\u0131\u2019ya (T\u00fcketici \u2019ye) sat\u0131\u015f\u0131n\u0131 yapt\u0131\u011f\u0131, ilgili y\u00f6netmelik ve<\/p>\n","protected":false},"author":1,"featured_media":0,"parent":0,"menu_order":0,"comment_status":"closed","ping_status":"closed","template":"","meta":{"footnotes":""},"class_list":["post-27566","page","type-page","status-publish","hentry"],"_links":{"self":[{"href":"https:\/\/ozcanoglusucuklari.com.tr\/index.php\/wp-json\/wp\/v2\/pages\/27566","targetHints":{"allow":["GET"]}}],"collection":[{"href":"https:\/\/ozcanoglusucuklari.com.tr\/index.php\/wp-json\/wp\/v2\/pages"}],"about":[{"href":"https:\/\/ozcanoglusucuklari.com.tr\/index.php\/wp-json\/wp\/v2\/types\/page"}],"author":[{"embeddable":true,"href":"https:\/\/ozcanoglusucuklari.com.tr\/index.php\/wp-json\/wp\/v2\/users\/1"}],"replies":[{"embeddable":true,"href":"https:\/\/ozcanoglusucuklari.com.tr\/index.php\/wp-json\/wp\/v2\/comments?post=27566"}],"version-history":[{"count":2,"href":"https:\/\/ozcanoglusucuklari.com.tr\/index.php\/wp-json\/wp\/v2\/pages\/27566\/revisions"}],"predecessor-version":[{"id":27591,"href":"https:\/\/ozcanoglusucuklari.com.tr\/index.php\/wp-json\/wp\/v2\/pages\/27566\/revisions\/27591"}],"wp:attachment":[{"href":"https:\/\/ozcanoglusucuklari.com.tr\/index.php\/wp-json\/wp\/v2\/media?parent=27566"}],"curies":[{"name":"wp","href":"https:\/\/api.w.org\/{rel}","templated":true}]}}