{"id":27507,"date":"2024-09-14T11:42:54","date_gmt":"2024-09-14T11:42:54","guid":{"rendered":"https:\/\/ozcanoglusucuklari.com.tr\/?post_type=product&#038;p=27507"},"modified":"2024-09-14T11:48:38","modified_gmt":"2024-09-14T11:48:38","slug":"3-kg-afyon-sucuk","status":"publish","type":"product","link":"https:\/\/ozcanoglusucuklari.com.tr\/index.php\/urun\/3-kg-afyon-sucuk\/","title":{"rendered":"3 Kg Afyon Sucuk"},"content":{"rendered":"<div class=\"product-tabs-wrapper\">\n<div class=\"container\">\n<div class=\"row\">\n<div class=\"col-12 poduct-tabs-inner\">\n<div class=\"woocommerce-tabs wc-tabs-wrapper tabs-layout-tabs\" data-state=\"first\" data-layout=\"tabs\">\n<div class=\"wd-accordion-item\">\n<div id=\"tab-description\" class=\"entry-content woocommerce-Tabs-panel woocommerce-Tabs-panel--description wd-active panel wc-tab\" role=\"tabpanel\" aria-labelledby=\"tab-title-description\" data-accordion-index=\"description\">\n<div class=\"wc-tab-inner\">\n<p>Kaliteli etlerin \u00f6zel baharatlarla birlikte, usta kasaplar elinde \u00f6zenle harmanlan\u0131p el de\u011fmeden doldurulup fermente edilmesiyle en leziz sucuk elde edilir. T\u00fcketicilerin be\u011fenisine sunulur.<\/p>\n<\/div>\n<\/div>\n<\/div>\n<\/div>\n<\/div>\n<\/div>\n<\/div>\n<\/div>\n","protected":false},"excerpt":{"rendered":"<p>Kaliteli etlerin \u00f6zel baharatlarla birlikte, usta kasaplar elinde \u00f6zenle harmanlan\u0131p el de\u011fmeden doldurulup fermente edilmesiyle en leziz sucuk elde edilir. T\u00fcketicilerin be\u011fenisine sunulur.<\/p>\n","protected":false},"featured_media":27461,"comment_status":"open","ping_status":"closed","template":"","meta":[],"product_cat":[71],"product_tag":[],"class_list":{"0":"post-27507","1":"product","2":"type-product","3":"status-publish","4":"has-post-thumbnail","6":"product_cat-afyon-sucuk","8":"first","9":"instock","10":"sale","11":"shipping-taxable","12":"purchasable","13":"product-type-simple"},"_links":{"self":[{"href":"https:\/\/ozcanoglusucuklari.com.tr\/index.php\/wp-json\/wp\/v2\/product\/27507","targetHints":{"allow":["GET"]}}],"collection":[{"href":"https:\/\/ozcanoglusucuklari.com.tr\/index.php\/wp-json\/wp\/v2\/product"}],"about":[{"href":"https:\/\/ozcanoglusucuklari.com.tr\/index.php\/wp-json\/wp\/v2\/types\/product"}],"replies":[{"embeddable":true,"href":"https:\/\/ozcanoglusucuklari.com.tr\/index.php\/wp-json\/wp\/v2\/comments?post=27507"}],"version-history":[{"count":1,"href":"https:\/\/ozcanoglusucuklari.com.tr\/index.php\/wp-json\/wp\/v2\/product\/27507\/revisions"}],"predecessor-version":[{"id":27511,"href":"https:\/\/ozcanoglusucuklari.com.tr\/index.php\/wp-json\/wp\/v2\/product\/27507\/revisions\/27511"}],"wp:featuredmedia":[{"embeddable":true,"href":"https:\/\/ozcanoglusucuklari.com.tr\/index.php\/wp-json\/wp\/v2\/media\/27461"}],"wp:attachment":[{"href":"https:\/\/ozcanoglusucuklari.com.tr\/index.php\/wp-json\/wp\/v2\/media?parent=27507"}],"wp:term":[{"taxonomy":"product_cat","embeddable":true,"href":"https:\/\/ozcanoglusucuklari.com.tr\/index.php\/wp-json\/wp\/v2\/product_cat?post=27507"},{"taxonomy":"product_tag","embeddable":true,"href":"https:\/\/ozcanoglusucuklari.com.tr\/index.php\/wp-json\/wp\/v2\/product_tag?post=27507"}],"curies":[{"name":"wp","href":"https:\/\/api.w.org\/{rel}","templated":true}]}}