{"id":27512,"date":"2024-09-14T11:44:08","date_gmt":"2024-09-14T11:44:08","guid":{"rendered":"https:\/\/ozcanoglusucuklari.com.tr\/?post_type=product&#038;p=27512"},"modified":"2024-09-14T16:42:01","modified_gmt":"2024-09-14T16:42:01","slug":"5-kg-afyon-sucuk","status":"publish","type":"product","link":"https:\/\/ozcanoglusucuklari.com.tr\/index.php\/urun\/5-kg-afyon-sucuk\/","title":{"rendered":"5 Kg Afyon Sucuk"},"content":{"rendered":"<p>Kaliteli etlerin \u00f6zel baharatlarla birlikte, usta kasaplar elinde \u00f6zenle harmanlan\u0131p el de\u011fmeden doldurulup fermente edilmesiyle en leziz sucuk elde edilir. T\u00fcketicilerin be\u011fenisine sunulur.<\/p>\n","protected":false},"excerpt":{"rendered":"<p>Kaliteli etlerin \u00f6zel baharatlarla birlikte, usta kasaplar elinde \u00f6zenle harmanlan\u0131p el de\u011fmeden doldurulup fermente edilmesiyle en leziz sucuk elde edilir. T\u00fcketicilerin be\u011fenisine sunulur.<\/p>\n","protected":false},"featured_media":27514,"comment_status":"open","ping_status":"closed","template":"","meta":[],"product_cat":[71],"product_tag":[],"class_list":{"0":"post-27512","1":"product","2":"type-product","3":"status-publish","4":"has-post-thumbnail","6":"product_cat-afyon-sucuk","8":"first","9":"instock","10":"sale","11":"shipping-taxable","12":"purchasable","13":"product-type-simple"},"_links":{"self":[{"href":"https:\/\/ozcanoglusucuklari.com.tr\/index.php\/wp-json\/wp\/v2\/product\/27512","targetHints":{"allow":["GET"]}}],"collection":[{"href":"https:\/\/ozcanoglusucuklari.com.tr\/index.php\/wp-json\/wp\/v2\/product"}],"about":[{"href":"https:\/\/ozcanoglusucuklari.com.tr\/index.php\/wp-json\/wp\/v2\/types\/product"}],"replies":[{"embeddable":true,"href":"https:\/\/ozcanoglusucuklari.com.tr\/index.php\/wp-json\/wp\/v2\/comments?post=27512"}],"version-history":[{"count":1,"href":"https:\/\/ozcanoglusucuklari.com.tr\/index.php\/wp-json\/wp\/v2\/product\/27512\/revisions"}],"predecessor-version":[{"id":27513,"href":"https:\/\/ozcanoglusucuklari.com.tr\/index.php\/wp-json\/wp\/v2\/product\/27512\/revisions\/27513"}],"wp:featuredmedia":[{"embeddable":true,"href":"https:\/\/ozcanoglusucuklari.com.tr\/index.php\/wp-json\/wp\/v2\/media\/27514"}],"wp:attachment":[{"href":"https:\/\/ozcanoglusucuklari.com.tr\/index.php\/wp-json\/wp\/v2\/media?parent=27512"}],"wp:term":[{"taxonomy":"product_cat","embeddable":true,"href":"https:\/\/ozcanoglusucuklari.com.tr\/index.php\/wp-json\/wp\/v2\/product_cat?post=27512"},{"taxonomy":"product_tag","embeddable":true,"href":"https:\/\/ozcanoglusucuklari.com.tr\/index.php\/wp-json\/wp\/v2\/product_tag?post=27512"}],"curies":[{"name":"wp","href":"https:\/\/api.w.org\/{rel}","templated":true}]}}